{"id":2007,"date":"2018-02-22T12:10:12","date_gmt":"2018-02-22T12:10:12","guid":{"rendered":"http:\/\/neznaseba.ipage.com\/hs2\/?page_id=2007"},"modified":"2018-02-22T14:14:53","modified_gmt":"2018-02-22T14:14:53","slug":"zaposljavamo","status":"publish","type":"page","link":"https:\/\/hotel-slavonija.eu\/en\/zaposljavamo\/","title":{"rendered":"HIRING NOW!"},"content":{"rendered":"<p>\u017delite dinami\u010dan posao ? Spremni ste na timski rad, u\u010denje i razvoj ?<\/p>\n<p>Po\u0161aljite nam svoj \u017eivotopis na mail posao@gemvinkovci.eu<\/p>\n<p>&nbsp;<\/p>","protected":false},"excerpt":{"rendered":"<p>\u017delite dinami\u010dan posao ? Spremni ste na timski rad, u\u010denje i razvoj ? Po\u0161aljite nam svoj \u017eivotopis na mail posao@gemvinkovci.eu &nbsp;<\/p>","protected":false},"author":1,"featured_media":0,"parent":0,"menu_order":0,"comment_status":"closed","ping_status":"closed","template":"","meta":[],"yoast_head":"<!-- This site is optimized with the Yoast SEO plugin v17.5 - https:\/\/yoast.com\/wordpress\/plugins\/seo\/ -->\n<title>ZAPO\u0160LJAVAMO - Hotel Slavonija<\/title>\n<meta name=\"robots\" content=\"index, follow, max-snippet:-1, max-image-preview:large, max-video-preview:-1\" \/>\n<link rel=\"canonical\" href=\"https:\/\/hotel-slavonija.eu\/en\/zaposljavamo\/\" \/>\n<meta property=\"og:locale\" content=\"en_GB\" \/>\n<meta property=\"og:type\" content=\"article\" \/>\n<meta property=\"og:title\" content=\"ZAPO\u0160LJAVAMO - Hotel Slavonija\" \/>\n<meta property=\"og:description\" content=\"\u017delite dinami\u010dan posao ? Spremni ste na timski rad, u\u010denje i razvoj ? Po\u0161aljite nam svoj \u017eivotopis na mail posao@gemvinkovci.eu &nbsp;\" \/>\n<meta property=\"og:url\" content=\"https:\/\/hotel-slavonija.eu\/en\/zaposljavamo\/\" \/>\n<meta property=\"og:site_name\" content=\"Hotel Slavonija\" \/>\n<meta property=\"article:modified_time\" content=\"2018-02-22T14:14:53+00:00\" \/>\n<meta name=\"twitter:card\" content=\"summary_large_image\" \/>\n<script type=\"application\/ld+json\" class=\"yoast-schema-graph\">{\"@context\":\"https:\/\/schema.org\",\"@graph\":[{\"@type\":\"WebSite\",\"@id\":\"https:\/\/hotel-slavonija.eu\/#website\",\"url\":\"https:\/\/hotel-slavonija.eu\/\",\"name\":\"Hotel Slavonija\",\"description\":\"Vinkovci\",\"potentialAction\":[{\"@type\":\"SearchAction\",\"target\":{\"@type\":\"EntryPoint\",\"urlTemplate\":\"https:\/\/hotel-slavonija.eu\/?s={search_term_string}\"},\"query-input\":\"required name=search_term_string\"}],\"inLanguage\":\"en-GB\"},{\"@type\":\"WebPage\",\"@id\":\"https:\/\/hotel-slavonija.eu\/zaposljavamo\/#webpage\",\"url\":\"https:\/\/hotel-slavonija.eu\/zaposljavamo\/\",\"name\":\"ZAPO\\u0160LJAVAMO - Hotel Slavonija\",\"isPartOf\":{\"@id\":\"https:\/\/hotel-slavonija.eu\/#website\"},\"datePublished\":\"2018-02-22T12:10:12+00:00\",\"dateModified\":\"2018-02-22T14:14:53+00:00\",\"breadcrumb\":{\"@id\":\"https:\/\/hotel-slavonija.eu\/zaposljavamo\/#breadcrumb\"},\"inLanguage\":\"en-GB\",\"potentialAction\":[{\"@type\":\"ReadAction\",\"target\":[\"https:\/\/hotel-slavonija.eu\/zaposljavamo\/\"]}]},{\"@type\":\"BreadcrumbList\",\"@id\":\"https:\/\/hotel-slavonija.eu\/zaposljavamo\/#breadcrumb\",\"itemListElement\":[{\"@type\":\"ListItem\",\"position\":1,\"name\":\"Home\",\"item\":\"https:\/\/hotel-slavonija.eu\/\"},{\"@type\":\"ListItem\",\"position\":2,\"name\":\"ZAPO\\u0160LJAVAMO\"}]}]}<\/script>\n<!-- \/ Yoast SEO plugin. -->","yoast_head_json":{"title":"ZAPO\u0160LJAVAMO - Hotel Slavonija","robots":{"index":"index","follow":"follow","max-snippet":"max-snippet:-1","max-image-preview":"max-image-preview:large","max-video-preview":"max-video-preview:-1"},"canonical":"https:\/\/hotel-slavonija.eu\/en\/zaposljavamo\/","og_locale":"en_GB","og_type":"article","og_title":"ZAPO\u0160LJAVAMO - Hotel Slavonija","og_description":"\u017delite dinami\u010dan posao ? Spremni ste na timski rad, u\u010denje i razvoj ? Po\u0161aljite nam svoj \u017eivotopis na mail posao@gemvinkovci.eu &nbsp;","og_url":"https:\/\/hotel-slavonija.eu\/en\/zaposljavamo\/","og_site_name":"Hotel Slavonija","article_modified_time":"2018-02-22T14:14:53+00:00","twitter_card":"summary_large_image","schema":{"@context":"https:\/\/schema.org","@graph":[{"@type":"WebSite","@id":"https:\/\/hotel-slavonija.eu\/#website","url":"https:\/\/hotel-slavonija.eu\/","name":"Hotel Slavonija","description":"Vinkovci","potentialAction":[{"@type":"SearchAction","target":{"@type":"EntryPoint","urlTemplate":"https:\/\/hotel-slavonija.eu\/?s={search_term_string}"},"query-input":"required name=search_term_string"}],"inLanguage":"en-GB"},{"@type":"WebPage","@id":"https:\/\/hotel-slavonija.eu\/zaposljavamo\/#webpage","url":"https:\/\/hotel-slavonija.eu\/zaposljavamo\/","name":"ZAPO\u0160LJAVAMO - Hotel Slavonija","isPartOf":{"@id":"https:\/\/hotel-slavonija.eu\/#website"},"datePublished":"2018-02-22T12:10:12+00:00","dateModified":"2018-02-22T14:14:53+00:00","breadcrumb":{"@id":"https:\/\/hotel-slavonija.eu\/zaposljavamo\/#breadcrumb"},"inLanguage":"en-GB","potentialAction":[{"@type":"ReadAction","target":["https:\/\/hotel-slavonija.eu\/zaposljavamo\/"]}]},{"@type":"BreadcrumbList","@id":"https:\/\/hotel-slavonija.eu\/zaposljavamo\/#breadcrumb","itemListElement":[{"@type":"ListItem","position":1,"name":"Home","item":"https:\/\/hotel-slavonija.eu\/"},{"@type":"ListItem","position":2,"name":"ZAPO\u0160LJAVAMO"}]}]}},"_links":{"self":[{"href":"https:\/\/hotel-slavonija.eu\/en\/wp-json\/wp\/v2\/pages\/2007"}],"collection":[{"href":"https:\/\/hotel-slavonija.eu\/en\/wp-json\/wp\/v2\/pages"}],"about":[{"href":"https:\/\/hotel-slavonija.eu\/en\/wp-json\/wp\/v2\/types\/page"}],"author":[{"embeddable":true,"href":"https:\/\/hotel-slavonija.eu\/en\/wp-json\/wp\/v2\/users\/1"}],"replies":[{"embeddable":true,"href":"https:\/\/hotel-slavonija.eu\/en\/wp-json\/wp\/v2\/comments?post=2007"}],"version-history":[{"count":5,"href":"https:\/\/hotel-slavonija.eu\/en\/wp-json\/wp\/v2\/pages\/2007\/revisions"}],"predecessor-version":[{"id":2072,"href":"https:\/\/hotel-slavonija.eu\/en\/wp-json\/wp\/v2\/pages\/2007\/revisions\/2072"}],"wp:attachment":[{"href":"https:\/\/hotel-slavonija.eu\/en\/wp-json\/wp\/v2\/media?parent=2007"}],"curies":[{"name":"wp","href":"https:\/\/api.w.org\/{rel}","templated":true}]}}